{"id":6,"date":"2017-09-02T15:37:20","date_gmt":"2017-09-02T15:37:20","guid":{"rendered":"http:\/\/industrykendo.com\/wps\/?page_id=6"},"modified":"2025-12-30T00:33:37","modified_gmt":"2025-12-30T00:33:37","slug":"articles","status":"publish","type":"page","link":"http:\/\/industrykendo.com\/?page_id=6","title":{"rendered":"Articles"},"content":{"rendered":"<h2><span style=\"color: #808080;\"><strong>This section is intended to help all kenshi with their kendo development.<\/strong><\/span> <span style=\"color: #333333;\">It will be updated periodically as new study aids are created. We\u2019re particularly proud of our terms database. If you ever find any errors or would like us to add something, please let us know!<\/span><\/h2>\n<p><a href=\"http:\/\/industrykendo.com\/?page_id=515\" target=\"_blank\" rel=\"noopener noreferrer\"><strong>Kendo Terms<\/strong><\/a><br \/>\nContains over 200 kendo terms! Also available in Microsoft Excel.<\/p>\n<p><a href=\"http:\/\/industrykendo.com\/Articles\/KENDO_TERMS_with_Illustration.pdf\" target=\"_blank\" rel=\"noopener noreferrer\"><strong>Kendo Terms with Illustration<\/strong><\/a><\/p>\n<p><a href=\"http:\/\/industrykendo.com\/?page_id=325\" target=\"_blank\" rel=\"noopener noreferrer\"><strong>Foot Positioning<\/strong><\/a><br \/>\nDemonstrates basis foot position, demonstrated by Covina Dojo\u2019s Masataka Sakaue Sensei<\/p>\n<p><a href=\"http:\/\/industrykendo.com\/?page_id=354\" target=\"_blank\" rel=\"noopener noreferrer\"><strong>How to Grip A Shinai<\/strong><\/a><br \/>\nDescribes the basics of holding a shinai, with correct grip demonstrated by Chuo Dojo\u2019s Masashi Shikai Sensei<\/p>\n<h2><span style=\"color: #333333;\"><strong>Below are kendo articles translated by Ted Imoto Sensei<\/strong><\/span><\/h2>\n<ul>\n<li style=\"list-style-type: none;\">\n<ul>\n<li style=\"list-style-type: none;\">\n<ul>\n<li><a href=\"http:\/\/industrykendo.com\/Articles\/Kendo_is_my_Philosophy.pdf\" target=\"_blank\" rel=\"noopener noreferrer\">Kendo is My Philosophy<\/a><\/li>\n<li><a href=\"http:\/\/industrykendo.com\/Articles\/Pursuing_Life_Time_Kendo.pdf\" target=\"_blank\" rel=\"noopener noreferrer\">Pursuing Life Time Kendo &#8211; Ens\u014d no F\u016bk\u014d (\u5186\u76f8\u306e\u98a8\u5149)<\/a><\/li>\n<li><a href=\"http:\/\/industrykendo.com\/Articles\/Rational_Method_of_Handling_Shinai.pdf\" target=\"_blank\" rel=\"noopener noreferrer\">Rational Method of Handling Sword \/ Shinai (\u5408\u7406\u7684\u592a\u5200\u7b4b)<\/a><\/li>\n<li><a href=\"http:\/\/industrykendo.com\/Articles\/Why_Men_Uchi_is_Essential_in_Kendo.pdf\" target=\"_blank\" rel=\"noopener noreferrer\">Why Men Uchi is Essential in Kendo (\u5263\u9053\u306f\u306a\u305c\u9762\u3092\u6253\u3064\u306e\u304b)<\/a><\/li>\n<li><a href=\"http:\/\/industrykendo.com\/Articles\/A_Study_of_DATOTSU_Movement_in_Kendo.pdf\" target=\"_blank\" rel=\"noopener noreferrer\">A Study of DATOTSU Movement in Kendo<\/a><\/li>\n<li><a href=\"http:\/\/industrykendo.com\/Articles\/Studies_of_Body_Movements_in_Kendo_Men.pdf\" target=\"_blank\" rel=\"noopener noreferrer\">Studies of Body Movements in Kendo Men Strike<\/a><\/li>\n<li><a href=\"http:\/\/industrykendo.com\/Articles\/Kendo_Script.pdf\" target=\"_blank\" rel=\"noopener noreferrer\">Kendo Script &#8211; KY\u014cH\u014cSHINTOKU (\u6559\u6cd5\u5fc3\u5f97)<\/a><\/li>\n<li><a href=\"http:\/\/industrykendo.com\/Articles\/Bushido_Christianity.pdf\" target=\"_blank\" rel=\"noopener noreferrer\">Bushid\u014d and Christianity<\/a><\/li>\n<li><a href=\"http:\/\/industrykendo.com\/Articles\/Meaning_of_Kendo_Kata.pdf\" target=\"_blank\" rel=\"noopener noreferrer\">Meaning of Kendo Kata<\/a><\/li>\n<li><a href=\"http:\/\/industrykendo.com\/Articles\/Meaning_of_Kendo_Hakama_Pleats.pdf\" target=\"_blank\" rel=\"noopener noreferrer\">Meaning of Kendo Hakama Pleats<\/a><\/li>\n<li><a href=\"http:\/\/industrykendo.com\/wp-content\/uploads\/2022\/03\/KendoKihonWazaKeikoHo.pdf\" target=\"_blank\" rel=\"noopener noreferrer\">Kendo Kihon Waza Practice Method using Bokut\u014d (\u6728\u5200)<\/a><\/li>\n<li><a href=\"http:\/\/industrykendo.com\/wp-content\/uploads\/2023\/10\/Waza-Do\u5263\u9053\u6559\u5ba4.pdf\" target=\"_blank\" rel=\"noopener noreferrer\">Waza-D\u014d (\u5263\u9053\u6559\u5ba4)<br \/>\n<\/a>\u21d2\u00a0<em><a href=\"http:\/\/industrykendo.com\/?page_id=592\" target=\"_blank\" rel=\"noopener noreferrer\">Animated Images<\/a><\/em><\/li>\n<li><a href=\"http:\/\/industrykendo.com\/wp-content\/uploads\/2023\/10\/ShikakeWaza-Kote\u5263\u9053\u6559\u5ba4.pdf\" target=\"_blank\" rel=\"noopener noreferrer\">Shikake Waza-Kote (\u5263\u9053\u6559\u5ba4)<br \/>\n<\/a>\u21d2\u00a0<em><a href=\"http:\/\/industrykendo.com\/?page_id=600\" target=\"_blank\" rel=\"noopener noreferrer\">Animated Images<\/a><\/em><\/li>\n<li><a href=\"http:\/\/industrykendo.com\/wp-content\/uploads\/2023\/10\/ShikakeWaza-Men\u5263\u9053\u6559\u5ba4.pdf\" target=\"_blank\" rel=\"noopener noreferrer\">Shikake Waza-Men (\u5263\u9053\u6559\u5ba4)<br \/>\n<\/a>\u21d2\u00a0<em><a href=\"http:\/\/industrykendo.com\/?page_id=606\" target=\"_blank\" rel=\"noopener noreferrer\">Animated Images<\/a><\/em><\/li>\n<li><a href=\"http:\/\/industrykendo.com\/wp-content\/uploads\/2023\/10\/Waza-Tsuki\u5263\u9053\u6559\u5ba4.pdf\">Waza-Tsuki(\u5263\u9053\u6559\u5ba4)<\/a><\/li>\n<li><a href=\"http:\/\/industrykendo.com\/Articles\/Waza_Tsubazeriai_Oct2017.pdf\" target=\"_blank\" rel=\"noopener noreferrer\">Waza-Tsubazeriai (\u5263\u9053\u6559\u5ba4)<\/a><br \/>\n\u21d2\u00a0<em><a href=\"http:\/\/industrykendo.com\/?page_id=627\" target=\"_blank\" rel=\"noopener noreferrer\">Animated Images<\/a><\/em><\/li>\n<li><a href=\"http:\/\/industrykendo.com\/wp-content\/uploads\/2023\/10\/Waza-from-HidariJodan.pdf\">Waza from HidariJodan (\u5de6\u4e0a\u6bb5)<\/a><\/li>\n<li><a href=\"http:\/\/industrykendo.com\/Articles\/OjiWaza_Men.pdf\" target=\"_blank\" rel=\"noopener noreferrer\">\u014cji Waza-Men (\u5263\u9053\u6559\u5ba4)<\/a><br \/>\n\u21d2\u00a0<em><a href=\"http:\/\/industrykendo.com\/?page_id=651\" target=\"_blank\" rel=\"noopener noreferrer\">Animated Images<\/a><\/em><\/li>\n<li><a href=\"http:\/\/industrykendo.com\/Articles\/Discipline-Related_Sayings.pdf\" target=\"_blank\" rel=\"noopener noreferrer\">Discipline-Related Sayings that Speak Truth of All Kend\u014dka<\/a><\/li>\n<li><a href=\"http:\/\/industrykendo.com\/Articles\/Musashi no Ken (\u6b66\u8535\u306e\u5263).pdf\" target=\"_blank\" rel=\"noopener noreferrer\">Musashi no Ken (\u6b66\u8535\u306e\u5263)<\/a><\/li>\n<li><a href=\"http:\/\/industrykendo.com\/wp-content\/uploads\/2020\/03\/Suburi-Practice-at-Home.pdf\" target=\"_blank\" rel=\"noopener noreferrer\">Suburi Practice at Home<\/a><\/li>\n<li><a href=\"http:\/\/industrykendo.com\/Articles\/Seitei Iai Kata.pdf\" target=\"_blank\" rel=\"noopener noreferrer\">Seitei Iai Kata (\u5236\u5b9a\u5c45\u5408\u5f62)<\/a><\/li>\n<\/ul>\n<\/li>\n<\/ul>\n<\/li>\n<\/ul>\n<h2><span style=\"color: #333333;\"><strong>YouTube videos<\/strong><\/span><\/h2>\n<ul>\n<li style=\"list-style-type: none;\">\n<ul>\n<li style=\"list-style-type: none;\">\n<ul>\n<li><a href=\"http:\/\/industrykendo.com\/Articles\/Chiba_Sensei_Perfect_Master.pdf\" target=\"_blank\" rel=\"noopener noreferrer\"><strong>Chibai Sensei&#8217;s Kendo Perfect Master<\/strong><br \/>\n<\/a><em>\u21d2 <a href=\"https:\/\/www.youtube.com\/watch?v=zcVE8xePdus\" target=\"_blank\" rel=\"noopener noreferrer\">YouTube Link<\/a><\/em><\/li>\n<li><strong><a href=\"http:\/\/industrykendo.com\/wp-content\/uploads\/2018\/12\/Interesting-Lessons-of-kendo-for-Youth.pdf\" target=\"_blank\" rel=\"noopener noreferrer\">Interesting Lessons of Kendo for Youth<\/a><\/strong><br \/>\n<em>\u21d2 <a href=\"https:\/\/www.youtube.com\/watch?v=XbU81A8HyWk\" target=\"_blank\" rel=\"noopener noreferrer\">YouTube Link (Position of the Left Hand)<\/a><\/em><br \/>\n<em>\u21d2 <a href=\"https:\/\/www.youtube.com\/watch?v=SbVjvxx4xy0\" target=\"_blank\" rel=\"noopener noreferrer\">YouTube Link (Kendo Foot Movement #1)<\/a><\/em><br \/>\n<em>\u21d2 <a href=\"https:\/\/www.youtube.com\/watch?v=49QEHihPTEE\" target=\"_blank\" rel=\"noopener noreferrer\">YouTube Link (Kendo Foot Movement#2)<\/a><\/em><br \/>\n<em>\u21d2\u00a0<a href=\"https:\/\/www.youtube.com\/watch?v=2u2N-zisTVo\" target=\"_blank\" rel=\"noopener noreferrer\">YouTube Link (Kendo Foot Movement#3)<\/a><br \/>\n\u21d2\u00a0<em><a href=\"https:\/\/www.youtube.com\/watch?v=3uATI75Er-U\" target=\"_blank\" rel=\"noopener noreferrer\">YouTube Link (Seme #1)<\/a><br \/>\n<\/em>\u21d2\u00a0<em><a href=\"https:\/\/www.youtube.com\/watch?v=X9PqP9mCdSM\" target=\"_blank\" rel=\"noopener noreferrer\">YouTube Link (Seme #2)<\/a><br \/>\n<\/em>\u21d2\u00a0<a href=\"https:\/\/www.youtube.com\/watch?v=rOPhzD9ouHA\" target=\"_blank\" rel=\"noopener noreferrer\"><em>YouTube Link (Seme #3)<\/em><\/a><br \/>\n\u21d2\u00a0<a href=\"https:\/\/www.youtube.com\/watch?v=3f5CrEN6PYo\" target=\"_blank\" rel=\"noopener noreferrer\"><em>YouTube Link (Kaeshi D\u014d<\/em><\/a><em>)<br \/>\n<\/em>\u21d2\u00a0<a style=\"font-size: 1rem;\" href=\"https:\/\/www.youtube.com\/watch?v=staZC79Q5m8\" target=\"_blank\" rel=\"noopener noreferrer\"><em>YouTube Link (Let&#8217;s fix bad posture<\/em><\/a><em style=\"font-size: 1rem;\">)<br \/>\n<\/em>\u21d2\u00a0<a style=\"font-size: 1rem;\" href=\"https:\/\/www.youtube.com\/watch?v=7JYdR_aLdVo\" target=\"_blank\" rel=\"noopener noreferrer\"><em>YouTube Link (Get a perfect Tenouchi<\/em><\/a><em style=\"font-size: 1rem;\">)<\/em><\/em><\/li>\n<\/ul>\n<\/li>\n<\/ul>\n<\/li>\n<\/ul>\n<h2><span style=\"color: #333333;\"><strong>Interesting kendo articles edited by Ted Imoto Sensei<\/strong><\/span><\/h2>\n<ul>\n<li style=\"list-style-type: none;\">\n<ul>\n<li style=\"list-style-type: none;\">\n<ul>\n<li style=\"list-style-type: none;\">\n<ul>\n<li style=\"list-style-type: none;\">\n<ul>\n<li style=\"list-style-type: none;\">\n<ul>\n<li><a href=\"http:\/\/industrykendo.com\/Articles\/Tactics_in_Kendo.pdf\" target=\"_blank\" rel=\"noopener noreferrer\">Tactics in Kendo<\/a><\/li>\n<li><a href=\"http:\/\/industrykendo.com\/Articles\/Attitudes_to_Shiai.pdf\" target=\"_blank\" rel=\"noopener noreferrer\">Attitudes to Shiai<\/a><\/li>\n<li><a href=\"http:\/\/industrykendo.com\/Articles\/Attitude_to_Jigeiko.pdf\" target=\"_blank\" rel=\"noopener noreferrer\">Attitudes to Jigeiko<\/a><\/li>\n<li><a href=\"http:\/\/industrykendo.com\/Articles\/Healing_Kendo.pdf\" target=\"_blank\" rel=\"noopener noreferrer\">Healing (\u7652\u3057\u306e) Kendo<\/a><\/li>\n<li><a href=\"http:\/\/industrykendo.com\/wp-content\/uploads\/2023\/02\/Kendo-Training-Handbook.pdf\" target=\"_blank\" rel=\"noopener noreferrer\">Kendo Training Handbook<\/a><\/li>\n<li><a href=\"http:\/\/industrykendo.com\/Articles\/THREE_MORNING_TALKS_about_Kendo.pdf\" target=\"_blank\" rel=\"noopener noreferrer\">Three Morning Talks about Kendo<\/a><\/li>\n<li><a href=\"http:\/\/industrykendo.com\/Articles\/Fundamental_Theorem_of_Kendo.pdf\" target=\"_blank\" rel=\"noopener noreferrer\">The Fundamental Theorem of Kendo<\/a><\/li>\n<li><a href=\"http:\/\/industrykendo.com\/Articles\/Spirit and Soul.pdf\" target=\"_blank\" rel=\"noopener noreferrer\">Spirit and Soul<\/a><\/li>\n<li><a href=\"http:\/\/industrykendo.com\/Articles\/Meaning of Christmas.pdf\" target=\"_blank\" rel=\"noopener noreferrer\">Meaning of Christmas<\/a><\/li>\n<li><a href=\"http:\/\/industrykendo.com\/Articles\/WhatWillHeavenBeLike.pdf\" target=\"_blank\" rel=\"noopener noreferrer\">What Will Heaven Be Like<\/a><\/li>\n<li><a href=\"http:\/\/industrykendo.com\/Articles\/The Father's House.pdf\" target=\"_blank\" rel=\"noopener noreferrer\">The Father&#8217;s House<\/a><\/li>\n<li><a href=\"http:\/\/industrykendo.com\/Articles\/\u5929\u56fd\u3068\u306f\u3069\u306e\u69d8\u306a\u6240\uff1f.pdf\" target=\"_blank\" rel=\"noopener noreferrer\">\u5929\u56fd\u3068\u306f\u3069\u306e\u69d8\u306a\u6240\uff1f<\/a><\/li>\n<li><a href=\"http:\/\/industrykendo.com\/Articles\/\u795e\u306e\u56fd.pdf\" target=\"_blank\" rel=\"noopener noreferrer\">\u795e\u306e\u56fd<\/a><\/li>\n<\/ul>\n<\/li>\n<\/ul>\n<\/li>\n<\/ul>\n<\/li>\n<\/ul>\n<\/li>\n<\/ul>\n<\/li>\n<\/ul>\n","protected":false},"excerpt":{"rendered":"<p>This section is intended to help all kenshi with their kendo development. It will be updated periodically as new study aids are created. We\u2019re particularly proud of our terms database. If you ever find any errors or would like us to add something, please let us know! Kendo Terms Contains over 200 kendo terms! Also &hellip; <\/p>\n<p class=\"link-more\"><a href=\"http:\/\/industrykendo.com\/?page_id=6\" class=\"more-link\">Continue reading<span class=\"screen-reader-text\"> &#8220;Articles&#8221;<\/span><\/a><\/p>\n","protected":false},"author":1,"featured_media":834,"parent":0,"menu_order":0,"comment_status":"closed","ping_status":"closed","template":"","meta":{"footnotes":""},"class_list":["post-6","page","type-page","status-publish","has-post-thumbnail","hentry"],"_links":{"self":[{"href":"http:\/\/industrykendo.com\/index.php?rest_route=\/wp\/v2\/pages\/6","targetHints":{"allow":["GET"]}}],"collection":[{"href":"http:\/\/industrykendo.com\/index.php?rest_route=\/wp\/v2\/pages"}],"about":[{"href":"http:\/\/industrykendo.com\/index.php?rest_route=\/wp\/v2\/types\/page"}],"author":[{"embeddable":true,"href":"http:\/\/industrykendo.com\/index.php?rest_route=\/wp\/v2\/users\/1"}],"replies":[{"embeddable":true,"href":"http:\/\/industrykendo.com\/index.php?rest_route=%2Fwp%2Fv2%2Fcomments&post=6"}],"version-history":[{"count":56,"href":"http:\/\/industrykendo.com\/index.php?rest_route=\/wp\/v2\/pages\/6\/revisions"}],"predecessor-version":[{"id":1429,"href":"http:\/\/industrykendo.com\/index.php?rest_route=\/wp\/v2\/pages\/6\/revisions\/1429"}],"wp:featuredmedia":[{"embeddable":true,"href":"http:\/\/industrykendo.com\/index.php?rest_route=\/wp\/v2\/media\/834"}],"wp:attachment":[{"href":"http:\/\/industrykendo.com\/index.php?rest_route=%2Fwp%2Fv2%2Fmedia&parent=6"}],"curies":[{"name":"wp","href":"https:\/\/api.w.org\/{rel}","templated":true}]}}